{"id":9,"date":"2011-09-05T15:07:42","date_gmt":"2011-09-05T15:07:42","guid":{"rendered":"https:\/?page_id=9"},"modified":"2014-11-23T07:55:01","modified_gmt":"2014-11-23T07:55:01","slug":"inkumuna-nasil-gidilir","status":"publish","type":"page","link":"https:\/\/inkumu.com\/es\/inkumuna-nasil-gidilir\/","title":{"rendered":"\u00bfC\u00f3mo llegar a Inkumu?"},"content":{"rendered":"<h2><span style=\"font-size: 14pt;\">\u00bfC\u00f3mo ir a Inkuma?<\/span><\/h2>\n<h3><span style=\"font-size: 14pt;\"><strong>Transporte Inkuma por Tierra,<\/strong><\/span><\/h3>\n<p><span style=\"font-size: 14pt;\">Para ir a Inkuma, primero debes llegar a Bart\u0131n. V\u00eda la autopista Bartin<strong> cuarto cruce de circunvalaci\u00f3n<\/strong> Tome la segunda salida y siga la carretera...<\/span><\/p>\n<p><span style=\"font-size: 14pt;\">Distancia-Tiempo entre Bart\u0131n-\u0130nkumu: <strong>12,2 kilometros<\/strong> (aproximadamente <strong>19 minutos<\/strong>) contin\u00faa.<\/span><\/p>\n<p>&nbsp;<\/p>\n<h3><span style=\"font-size: 14pt;\"><strong>Transporte de Mar a Inkuma,<\/strong><\/span><\/h3>\n<p><span style=\"font-size: 14pt;\">Puede acceder a la configuraci\u00f3n de GPS configurando Latitud 41.666920 Longitud 32.223271.<\/span><\/p>\n<p>&nbsp;<\/p>\n<h3><span style=\"font-size: 14pt;\"><strong>Transporte a Inkuma por v\u00eda a\u00e9rea<\/strong>,<\/span><\/h3>\n<p><span style=\"font-size: 14pt;\">Puede llegar al aeropuerto m\u00e1s cercano, \u00c7aycuma, con vuelos de Trabzon o Alemania. Entre \u00c7aycuma-Bart\u0131n-\u0130kumu se tarda unos 60 minutos.<\/span><\/p>\n<p>&nbsp;<\/p>\n<h3><span style=\"font-size: 14pt;\"><strong>Fotos de Google Earth<\/strong><\/span><\/h3>\n<p><span style=\"font-size: 14pt;\">\u0130nkumu \u2013 Bart\u0131n \u2013 Amasra\u00a0<\/span><\/p>\n<p><iframe style=\"border: 0;\" src=\"https:\/\/www.google.com\/maps\/embed?pb=!1m29!1m12!1m3!1d95388.02031895398!2d32.268144731312624!3d41.65842896912158!2m3!1f0!2f0!3f0!3m2!1i1024!2i768!4f13.1!4m14!1i0!3e0!4m5!1s0x409b722b04ef2b39%3A0x8be2f7e98e166dec!2zw4dhdG1hY2EgU2ssIEtlbWVyIEvDtnByw7wgTWguLCBCYXJ0xLFuLCBUw7xya2l5ZQ!3m2!1d41.626491!2d32.324757999999996!4m5!1s0x409b75da86636211%3A0x2b35c0d826976e17!2zxLBua3VtdSBQbGFqxLEsIDc0MDAwIEJhcnTEsW4sIFTDvHJraXll!3m2!1d41.663956999999996!2d32.220889!5e0!3m2!1str!2sth!4v1416728686370\" width=\"600\" height=\"450\" frameborder=\"0\"><\/iframe><\/p>","protected":false},"excerpt":{"rendered":"<p>\u0130nkuma Nas\u0131l Gidilir ? Kara Yoluyla Inkuma Ula\u015f\u0131m, \u0130nkuma gidebilmeniz i\u00e7in \u00f6nce Bart\u0131n&#8217;a ula\u015fman\u0131z gerekmektedir. Bart\u0131n Kara yolu \u00fczerinden 4.\u00e7evreyolu kav\u015fa\u011f\u0131 \u00fczerinden 2. \u00e7\u0131k\u0131\u015ftan ayr\u0131l\u0131n ve yolu takip edin&#8230; Bart\u0131n-\u0130nkumu Aras\u0131 Uzakl\u0131k-S\u00fcre : 12,2\u00a0km (yakla\u015f\u0131k 19 dakika) s\u00fcrmektedir. &nbsp; Denizden Inkuma Ula\u015f\u0131m, GPS Ayarlar\u0131n\u0131\u00a0 Enlem, 41.666920 Boylam\u0131 \u00a032.223271 ayarlayarak ula\u015fabilirsiniz. &nbsp; Hava Yoluyla Inkuma Ula\u015f\u0131m, [&hellip;]<\/p>\n","protected":false},"author":1,"featured_media":0,"parent":0,"menu_order":0,"comment_status":"open","ping_status":"open","template":"","meta":{"footnotes":""},"class_list":["post-9","page","type-page","status-publish","hentry"],"yoast_head":"<!-- This site is optimized with the Yoast SEO plugin v27.3 - https:\/\/yoast.com\/product\/yoast-seo-wordpress\/ -->\n<title>\u0130nkumu&#039;na Nas\u0131l Gidilir?<\/title>\n<meta name=\"description\" content=\"\u0130nkuma gidebilmeniz i\u00e7in \u00f6nce Bart\u0131n&#039;a ula\u015fman\u0131z gerekmektedir. Bart\u0131n Kara yolu \u00fczerinden 4.\u00e7evreyolu kav\u015fa\u011f\u0131 \u00fczerinden 2. \u00e7\u0131k\u0131\u015ftan ayr\u0131l\u0131n ve yolu takip edin..\" \/>\n<meta name=\"robots\" content=\"index, follow, max-snippet:-1, max-image-preview:large, max-video-preview:-1\" \/>\n<link rel=\"canonical\" href=\"https:\/\/inkumu.com\/es\/inkumuna-nasil-gidilir\/\" \/>\n<meta property=\"og:locale\" content=\"es_ES\" \/>\n<meta property=\"og:type\" content=\"article\" \/>\n<meta property=\"og:title\" content=\"\u0130nkumu&#039;na Nas\u0131l Gidilir?\" \/>\n<meta property=\"og:description\" content=\"\u0130nkuma gidebilmeniz i\u00e7in \u00f6nce Bart\u0131n&#039;a ula\u015fman\u0131z gerekmektedir. Bart\u0131n Kara yolu \u00fczerinden 4.\u00e7evreyolu kav\u015fa\u011f\u0131 \u00fczerinden 2. \u00e7\u0131k\u0131\u015ftan ayr\u0131l\u0131n ve yolu takip edin..\" \/>\n<meta property=\"og:url\" content=\"https:\/\/inkumu.com\/es\/inkumuna-nasil-gidilir\/\" \/>\n<meta property=\"og:site_name\" content=\"\u0130nkumu.com\" \/>\n<meta property=\"article:modified_time\" content=\"2014-11-23T07:55:01+00:00\" \/>\n<meta name=\"twitter:label1\" content=\"Tiempo de lectura\" \/>\n\t<meta name=\"twitter:data1\" content=\"1 minuto\" \/>\n<script type=\"application\/ld+json\" class=\"yoast-schema-graph\">{\"@context\":\"https:\\\/\\\/schema.org\",\"@graph\":[{\"@type\":\"WebPage\",\"@id\":\"https:\\\/\\\/inkumu.com\\\/inkumuna-nasil-gidilir\\\/\",\"url\":\"https:\\\/\\\/inkumu.com\\\/inkumuna-nasil-gidilir\\\/\",\"name\":\"\u0130nkumu'na Nas\u0131l Gidilir?\",\"isPartOf\":{\"@id\":\"https:\\\/\\\/inkumu.com\\\/#website\"},\"datePublished\":\"2011-09-05T15:07:42+00:00\",\"dateModified\":\"2014-11-23T07:55:01+00:00\",\"description\":\"\u0130nkuma gidebilmeniz i\u00e7in \u00f6nce Bart\u0131n'a ula\u015fman\u0131z gerekmektedir. Bart\u0131n Kara yolu \u00fczerinden 4.\u00e7evreyolu kav\u015fa\u011f\u0131 \u00fczerinden 2. \u00e7\u0131k\u0131\u015ftan ayr\u0131l\u0131n ve yolu takip edin..\",\"breadcrumb\":{\"@id\":\"https:\\\/\\\/inkumu.com\\\/inkumuna-nasil-gidilir\\\/#breadcrumb\"},\"inLanguage\":\"es\",\"potentialAction\":[{\"@type\":\"ReadAction\",\"target\":[\"https:\\\/\\\/inkumu.com\\\/inkumuna-nasil-gidilir\\\/\"]}]},{\"@type\":\"BreadcrumbList\",\"@id\":\"https:\\\/\\\/inkumu.com\\\/inkumuna-nasil-gidilir\\\/#breadcrumb\",\"itemListElement\":[{\"@type\":\"ListItem\",\"position\":1,\"name\":\"Home\",\"item\":\"https:\\\/\\\/inkumu.com\\\/\"},{\"@type\":\"ListItem\",\"position\":2,\"name\":\"\u0130nkumu&#8217;na Nas\u0131l Gidilir?\"}]},{\"@type\":\"WebSite\",\"@id\":\"https:\\\/\\\/inkumu.com\\\/#website\",\"url\":\"https:\\\/\\\/inkumu.com\\\/\",\"name\":\"\u0130nkumu.com\",\"description\":\"\",\"potentialAction\":[{\"@type\":\"SearchAction\",\"target\":{\"@type\":\"EntryPoint\",\"urlTemplate\":\"https:\\\/\\\/inkumu.com\\\/?s={search_term_string}\"},\"query-input\":{\"@type\":\"PropertyValueSpecification\",\"valueRequired\":true,\"valueName\":\"search_term_string\"}}],\"inLanguage\":\"es\"}]}<\/script>\n<!-- \/ Yoast SEO plugin. -->","yoast_head_json":{"title":"\u0130nkumu'na Nas\u0131l Gidilir?","description":"\u0130nkuma gidebilmeniz i\u00e7in \u00f6nce Bart\u0131n'a ula\u015fman\u0131z gerekmektedir. Bart\u0131n Kara yolu \u00fczerinden 4.\u00e7evreyolu kav\u015fa\u011f\u0131 \u00fczerinden 2. \u00e7\u0131k\u0131\u015ftan ayr\u0131l\u0131n ve yolu takip edin..","robots":{"index":"index","follow":"follow","max-snippet":"max-snippet:-1","max-image-preview":"max-image-preview:large","max-video-preview":"max-video-preview:-1"},"canonical":"https:\/\/inkumu.com\/es\/inkumuna-nasil-gidilir\/","og_locale":"es_ES","og_type":"article","og_title":"\u0130nkumu'na Nas\u0131l Gidilir?","og_description":"\u0130nkuma gidebilmeniz i\u00e7in \u00f6nce Bart\u0131n'a ula\u015fman\u0131z gerekmektedir. Bart\u0131n Kara yolu \u00fczerinden 4.\u00e7evreyolu kav\u015fa\u011f\u0131 \u00fczerinden 2. \u00e7\u0131k\u0131\u015ftan ayr\u0131l\u0131n ve yolu takip edin..","og_url":"https:\/\/inkumu.com\/es\/inkumuna-nasil-gidilir\/","og_site_name":"\u0130nkumu.com","article_modified_time":"2014-11-23T07:55:01+00:00","twitter_misc":{"Tiempo de lectura":"1 minuto"},"schema":{"@context":"https:\/\/schema.org","@graph":[{"@type":"WebPage","@id":"https:\/\/inkumu.com\/inkumuna-nasil-gidilir\/","url":"https:\/\/inkumu.com\/inkumuna-nasil-gidilir\/","name":"\u0130nkumu'na Nas\u0131l Gidilir?","isPartOf":{"@id":"https:\/\/inkumu.com\/#website"},"datePublished":"2011-09-05T15:07:42+00:00","dateModified":"2014-11-23T07:55:01+00:00","description":"\u0130nkuma gidebilmeniz i\u00e7in \u00f6nce Bart\u0131n'a ula\u015fman\u0131z gerekmektedir. Bart\u0131n Kara yolu \u00fczerinden 4.\u00e7evreyolu kav\u015fa\u011f\u0131 \u00fczerinden 2. \u00e7\u0131k\u0131\u015ftan ayr\u0131l\u0131n ve yolu takip edin..","breadcrumb":{"@id":"https:\/\/inkumu.com\/inkumuna-nasil-gidilir\/#breadcrumb"},"inLanguage":"es","potentialAction":[{"@type":"ReadAction","target":["https:\/\/inkumu.com\/inkumuna-nasil-gidilir\/"]}]},{"@type":"BreadcrumbList","@id":"https:\/\/inkumu.com\/inkumuna-nasil-gidilir\/#breadcrumb","itemListElement":[{"@type":"ListItem","position":1,"name":"Home","item":"https:\/\/inkumu.com\/"},{"@type":"ListItem","position":2,"name":"\u0130nkumu&#8217;na Nas\u0131l Gidilir?"}]},{"@type":"WebSite","@id":"https:\/\/inkumu.com\/#website","url":"https:\/\/inkumu.com\/","name":"\u0130nkumu.com","description":"","potentialAction":[{"@type":"SearchAction","target":{"@type":"EntryPoint","urlTemplate":"https:\/\/inkumu.com\/?s={search_term_string}"},"query-input":{"@type":"PropertyValueSpecification","valueRequired":true,"valueName":"search_term_string"}}],"inLanguage":"es"}]}},"_links":{"self":[{"href":"https:\/\/inkumu.com\/es\/wp-json\/wp\/v2\/pages\/9","targetHints":{"allow":["GET"]}}],"collection":[{"href":"https:\/\/inkumu.com\/es\/wp-json\/wp\/v2\/pages"}],"about":[{"href":"https:\/\/inkumu.com\/es\/wp-json\/wp\/v2\/types\/page"}],"author":[{"embeddable":true,"href":"https:\/\/inkumu.com\/es\/wp-json\/wp\/v2\/users\/1"}],"replies":[{"embeddable":true,"href":"https:\/\/inkumu.com\/es\/wp-json\/wp\/v2\/comments?post=9"}],"version-history":[{"count":10,"href":"https:\/\/inkumu.com\/es\/wp-json\/wp\/v2\/pages\/9\/revisions"}],"predecessor-version":[{"id":701,"href":"https:\/\/inkumu.com\/es\/wp-json\/wp\/v2\/pages\/9\/revisions\/701"}],"wp:attachment":[{"href":"https:\/\/inkumu.com\/es\/wp-json\/wp\/v2\/media?parent=9"}],"curies":[{"name":"wp","href":"https:\/\/api.w.org\/{rel}","templated":true}]}}