{"id":11,"date":"2011-09-05T15:07:59","date_gmt":"2011-09-05T15:07:59","guid":{"rendered":"https:\/?page_id=11"},"modified":"2014-12-04T17:07:41","modified_gmt":"2014-12-04T17:07:41","slug":"inkumu-sanal-tur","status":"publish","type":"page","link":"https:\/\/inkumu.com\/es\/inkumu-sanal-tur\/","title":{"rendered":"\u0130nkumu Sanal Tur"},"content":{"rendered":"<h2>Bart\u0131n \u0130nkumu 360 Derece Sanal Turu ve Foto\u011fraflar\u0131<\/h2>\n<p><object id=\"_taco360_krpano_74000\" width=\"100%\" height=\"317\" classid=\"clsid:d27cdb6e-ae6d-11cf-96b8-444553540000\" codebase=\"http:\/\/download.macromedia.com\/pub\/shockwave\/cabs\/flash\/swflash.cab#version=6,0,40,0\"><param name=\"quality\" value=\"autohigh\" \/><param name=\"allowScriptAccess\" value=\"always\" \/><param name=\"flashvars\" value=\"pano=http:\/\/s3-eu-west-1.amazonaws.com\/taco360\/inkumu\/krpano.xml\" \/><param name=\"allowFullScreen\" value=\"true\" \/><param name=\"src\" value=\"http:\/\/www.taco360.com\/krpano\/krpano.swf\" \/><param name=\"pluginspage\" value=\"http:\/\/www.macromedia.com\/go\/getflashplayer\" \/><param name=\"allowfullscreen\" value=\"true\" \/><param name=\"allowscriptaccess\" value=\"always\" \/><embed id=\"_taco360_krpano_74000\" width=\"100%\" height=\"317\" type=\"application\/x-shockwave-flash\" src=\"http:\/\/www.taco360.com\/krpano\/krpano.swf\" quality=\"autohigh\" allowscriptaccess=\"always\" flashvars=\"pano=http:\/\/s3-eu-west-1.amazonaws.com\/taco360\/inkumu\/krpano.xml\" allowfullscreen=\"allowfullscreen\" pluginspage=\"http:\/\/www.macromedia.com\/go\/getflashplayer\" \/><\/object><\/p>\n<p>&nbsp;<\/p>","protected":false},"excerpt":{"rendered":"<p>Bart\u0131n \u0130nkumu 360 Derece Sanal Turu ve Foto\u011fraflar\u0131 &nbsp;<\/p>","protected":false},"author":1,"featured_media":0,"parent":0,"menu_order":0,"comment_status":"open","ping_status":"open","template":"","meta":{"footnotes":""},"class_list":["post-11","page","type-page","status-publish","hentry"],"yoast_head":"<!-- This site is optimized with the Yoast SEO plugin v27.4 - https:\/\/yoast.com\/product\/yoast-seo-wordpress\/ -->\n<title>\u0130nkumu Sanal Tur - \u0130nkumu.com<\/title>\n<meta name=\"robots\" content=\"index, follow, max-snippet:-1, max-image-preview:large, max-video-preview:-1\" \/>\n<link rel=\"canonical\" href=\"https:\/\/inkumu.com\/es\/inkumu-sanal-tur\/\" \/>\n<meta property=\"og:locale\" content=\"es_ES\" \/>\n<meta property=\"og:type\" content=\"article\" \/>\n<meta property=\"og:title\" content=\"\u0130nkumu Sanal Tur - \u0130nkumu.com\" \/>\n<meta property=\"og:description\" content=\"Bart\u0131n \u0130nkumu 360 Derece Sanal Turu ve Foto\u011fraflar\u0131 &nbsp;\" \/>\n<meta property=\"og:url\" content=\"https:\/\/inkumu.com\/es\/inkumu-sanal-tur\/\" \/>\n<meta property=\"og:site_name\" content=\"\u0130nkumu.com\" \/>\n<meta property=\"article:modified_time\" content=\"2014-12-04T17:07:41+00:00\" \/>\n<script type=\"application\/ld+json\" class=\"yoast-schema-graph\">{\"@context\":\"https:\\\/\\\/schema.org\",\"@graph\":[{\"@type\":\"WebPage\",\"@id\":\"https:\\\/\\\/inkumu.com\\\/inkumu-sanal-tur\\\/\",\"url\":\"https:\\\/\\\/inkumu.com\\\/inkumu-sanal-tur\\\/\",\"name\":\"\u0130nkumu Sanal Tur - \u0130nkumu.com\",\"isPartOf\":{\"@id\":\"https:\\\/\\\/inkumu.com\\\/#website\"},\"datePublished\":\"2011-09-05T15:07:59+00:00\",\"dateModified\":\"2014-12-04T17:07:41+00:00\",\"breadcrumb\":{\"@id\":\"https:\\\/\\\/inkumu.com\\\/inkumu-sanal-tur\\\/#breadcrumb\"},\"inLanguage\":\"es\",\"potentialAction\":[{\"@type\":\"ReadAction\",\"target\":[\"https:\\\/\\\/inkumu.com\\\/inkumu-sanal-tur\\\/\"]}]},{\"@type\":\"BreadcrumbList\",\"@id\":\"https:\\\/\\\/inkumu.com\\\/inkumu-sanal-tur\\\/#breadcrumb\",\"itemListElement\":[{\"@type\":\"ListItem\",\"position\":1,\"name\":\"Home\",\"item\":\"https:\\\/\\\/inkumu.com\\\/\"},{\"@type\":\"ListItem\",\"position\":2,\"name\":\"\u0130nkumu Sanal Tur\"}]},{\"@type\":\"WebSite\",\"@id\":\"https:\\\/\\\/inkumu.com\\\/#website\",\"url\":\"https:\\\/\\\/inkumu.com\\\/\",\"name\":\"\u0130nkumu.com\",\"description\":\"\",\"potentialAction\":[{\"@type\":\"SearchAction\",\"target\":{\"@type\":\"EntryPoint\",\"urlTemplate\":\"https:\\\/\\\/inkumu.com\\\/?s={search_term_string}\"},\"query-input\":{\"@type\":\"PropertyValueSpecification\",\"valueRequired\":true,\"valueName\":\"search_term_string\"}}],\"inLanguage\":\"es\"}]}<\/script>\n<!-- \/ Yoast SEO plugin. -->","yoast_head_json":{"title":"\u0130nkumu Sanal Tur - \u0130nkumu.com","robots":{"index":"index","follow":"follow","max-snippet":"max-snippet:-1","max-image-preview":"max-image-preview:large","max-video-preview":"max-video-preview:-1"},"canonical":"https:\/\/inkumu.com\/es\/inkumu-sanal-tur\/","og_locale":"es_ES","og_type":"article","og_title":"\u0130nkumu Sanal Tur - \u0130nkumu.com","og_description":"Bart\u0131n \u0130nkumu 360 Derece Sanal Turu ve Foto\u011fraflar\u0131 &nbsp;","og_url":"https:\/\/inkumu.com\/es\/inkumu-sanal-tur\/","og_site_name":"\u0130nkumu.com","article_modified_time":"2014-12-04T17:07:41+00:00","schema":{"@context":"https:\/\/schema.org","@graph":[{"@type":"WebPage","@id":"https:\/\/inkumu.com\/inkumu-sanal-tur\/","url":"https:\/\/inkumu.com\/inkumu-sanal-tur\/","name":"\u0130nkumu Sanal Tur - \u0130nkumu.com","isPartOf":{"@id":"https:\/\/inkumu.com\/#website"},"datePublished":"2011-09-05T15:07:59+00:00","dateModified":"2014-12-04T17:07:41+00:00","breadcrumb":{"@id":"https:\/\/inkumu.com\/inkumu-sanal-tur\/#breadcrumb"},"inLanguage":"es","potentialAction":[{"@type":"ReadAction","target":["https:\/\/inkumu.com\/inkumu-sanal-tur\/"]}]},{"@type":"BreadcrumbList","@id":"https:\/\/inkumu.com\/inkumu-sanal-tur\/#breadcrumb","itemListElement":[{"@type":"ListItem","position":1,"name":"Home","item":"https:\/\/inkumu.com\/"},{"@type":"ListItem","position":2,"name":"\u0130nkumu Sanal Tur"}]},{"@type":"WebSite","@id":"https:\/\/inkumu.com\/#website","url":"https:\/\/inkumu.com\/","name":"\u0130nkumu.com","description":"","potentialAction":[{"@type":"SearchAction","target":{"@type":"EntryPoint","urlTemplate":"https:\/\/inkumu.com\/?s={search_term_string}"},"query-input":{"@type":"PropertyValueSpecification","valueRequired":true,"valueName":"search_term_string"}}],"inLanguage":"es"}]}},"_links":{"self":[{"href":"https:\/\/inkumu.com\/es\/wp-json\/wp\/v2\/pages\/11","targetHints":{"allow":["GET"]}}],"collection":[{"href":"https:\/\/inkumu.com\/es\/wp-json\/wp\/v2\/pages"}],"about":[{"href":"https:\/\/inkumu.com\/es\/wp-json\/wp\/v2\/types\/page"}],"author":[{"embeddable":true,"href":"https:\/\/inkumu.com\/es\/wp-json\/wp\/v2\/users\/1"}],"replies":[{"embeddable":true,"href":"https:\/\/inkumu.com\/es\/wp-json\/wp\/v2\/comments?post=11"}],"version-history":[{"count":10,"href":"https:\/\/inkumu.com\/es\/wp-json\/wp\/v2\/pages\/11\/revisions"}],"predecessor-version":[{"id":703,"href":"https:\/\/inkumu.com\/es\/wp-json\/wp\/v2\/pages\/11\/revisions\/703"}],"wp:attachment":[{"href":"https:\/\/inkumu.com\/es\/wp-json\/wp\/v2\/media?parent=11"}],"curies":[{"name":"wp","href":"https:\/\/api.w.org\/{rel}","templated":true}]}}