{"id":708,"date":"2015-01-10T17:41:10","date_gmt":"2015-01-10T17:41:10","guid":{"rendered":"https:\/?page_id=708"},"modified":"2018-09-28T19:38:36","modified_gmt":"2018-09-28T19:38:36","slug":"inkumu-hava-durumu-raporu-bartin","status":"publish","type":"page","link":"https:\/\/inkumu.com\/de\/inkumu-hava-durumu-raporu-bartin\/","title":{"rendered":"\u0130nkumu Wetterbericht (Bart\u0131n)"},"content":{"rendered":"<p><span style=\"font-size: 12pt;\">Bart\u0131n \u0130nkumu Tatil Desi 10-Tage-Wetterbericht, t\u00e4gliche Durchschnittstemperatur, Niederschlag, Windsituation in der Region und Transportbedingungen sind enthalten.<\/span><\/p>\n<p><strong><span style=\"font-size: 14pt;\">Inkumu 1-5 T\u00e4glicher Wetterbericht<\/span><\/strong><\/p>\n<p><img decoding=\"async\" class=\"\" style=\"width: 442px; height: 106px;\" src=\"http:\/\/www.mgm.gov.tr\/sunum\/tahmin-show-2.aspx?m=BARTIN&amp;basla=1&amp;bitir=5&amp;rC=111&amp;rZ=fff\" alt=\"BARTIN\" \/><\/p>\n<p><strong>Sofortiger Inkumu-Wetterbericht<\/strong><\/p>\n<p><img decoding=\"async\" style=\"width: 140px; height: 100px;\" src=\"http:\/\/www.mgm.gov.tr\/sunum\/sondurum-show-2.aspx?m=BARTIN&amp;rC=111&amp;rZ=fff\" alt=\"ANKARA\" \/><\/p>","protected":false},"excerpt":{"rendered":"<p>Bart\u0131n \u0130nkumu Tatil Beldesi 10 g\u00fcnl\u00fck hava durumu raporu, g\u00fcnl\u00fck ortalama s\u0131cakl\u0131k, ya\u011f\u0131\u015f durumu, b\u00f6lgedeki r\u00fczgar durumu ve ula\u015f\u0131m ko\u015fullar\u0131 yer almaktad\u0131r. \u0130nkumu 1-5 G\u00fcnl\u00fck Hava Durumu Raporu Anl\u0131k \u0130nkumu Hava Durumu Raporu<\/p>","protected":false},"author":1,"featured_media":0,"parent":0,"menu_order":0,"comment_status":"open","ping_status":"open","template":"","meta":{"footnotes":""},"class_list":["post-708","page","type-page","status-publish","hentry"],"yoast_head":"<!-- This site is optimized with the Yoast SEO plugin v27.4 - https:\/\/yoast.com\/product\/yoast-seo-wordpress\/ -->\n<title>\u0130nkumu Hava Durumu Raporu (Bart\u0131n) - \u0130nkumu.com<\/title>\n<meta name=\"robots\" content=\"index, follow, max-snippet:-1, max-image-preview:large, max-video-preview:-1\" \/>\n<link rel=\"canonical\" href=\"https:\/\/inkumu.com\/de\/inkumu-hava-durumu-raporu-bartin\/\" \/>\n<meta property=\"og:locale\" content=\"de_DE\" \/>\n<meta property=\"og:type\" content=\"article\" \/>\n<meta property=\"og:title\" content=\"\u0130nkumu Hava Durumu Raporu (Bart\u0131n) - \u0130nkumu.com\" \/>\n<meta property=\"og:description\" content=\"Bart\u0131n \u0130nkumu Tatil Beldesi 10 g\u00fcnl\u00fck hava durumu raporu, g\u00fcnl\u00fck ortalama s\u0131cakl\u0131k, ya\u011f\u0131\u015f durumu, b\u00f6lgedeki r\u00fczgar durumu ve ula\u015f\u0131m ko\u015fullar\u0131 yer almaktad\u0131r. \u0130nkumu 1-5 G\u00fcnl\u00fck Hava Durumu Raporu Anl\u0131k \u0130nkumu Hava Durumu Raporu\" \/>\n<meta property=\"og:url\" content=\"https:\/\/inkumu.com\/de\/inkumu-hava-durumu-raporu-bartin\/\" \/>\n<meta property=\"og:site_name\" content=\"\u0130nkumu.com\" \/>\n<meta property=\"article:modified_time\" content=\"2018-09-28T19:38:36+00:00\" \/>\n<meta property=\"og:image\" content=\"http:\/\/www.mgm.gov.tr\/sunum\/tahmin-show-2.aspx?m=BARTIN&amp;basla=1&amp;bitir=5&amp;rC=111&amp;rZ=fff\" \/>\n<script type=\"application\/ld+json\" class=\"yoast-schema-graph\">{\"@context\":\"https:\\\/\\\/schema.org\",\"@graph\":[{\"@type\":\"WebPage\",\"@id\":\"https:\\\/\\\/inkumu.com\\\/inkumu-hava-durumu-raporu-bartin\\\/\",\"url\":\"https:\\\/\\\/inkumu.com\\\/inkumu-hava-durumu-raporu-bartin\\\/\",\"name\":\"\u0130nkumu Hava Durumu Raporu (Bart\u0131n) - \u0130nkumu.com\",\"isPartOf\":{\"@id\":\"https:\\\/\\\/inkumu.com\\\/#website\"},\"primaryImageOfPage\":{\"@id\":\"https:\\\/\\\/inkumu.com\\\/inkumu-hava-durumu-raporu-bartin\\\/#primaryimage\"},\"image\":{\"@id\":\"https:\\\/\\\/inkumu.com\\\/inkumu-hava-durumu-raporu-bartin\\\/#primaryimage\"},\"thumbnailUrl\":\"http:\\\/\\\/www.mgm.gov.tr\\\/sunum\\\/tahmin-show-2.aspx?m=BARTIN&amp;basla=1&amp;bitir=5&amp;rC=111&amp;rZ=fff\",\"datePublished\":\"2015-01-10T17:41:10+00:00\",\"dateModified\":\"2018-09-28T19:38:36+00:00\",\"breadcrumb\":{\"@id\":\"https:\\\/\\\/inkumu.com\\\/inkumu-hava-durumu-raporu-bartin\\\/#breadcrumb\"},\"inLanguage\":\"de\",\"potentialAction\":[{\"@type\":\"ReadAction\",\"target\":[\"https:\\\/\\\/inkumu.com\\\/inkumu-hava-durumu-raporu-bartin\\\/\"]}]},{\"@type\":\"ImageObject\",\"inLanguage\":\"de\",\"@id\":\"https:\\\/\\\/inkumu.com\\\/inkumu-hava-durumu-raporu-bartin\\\/#primaryimage\",\"url\":\"http:\\\/\\\/www.mgm.gov.tr\\\/sunum\\\/tahmin-show-2.aspx?m=BARTIN&amp;basla=1&amp;bitir=5&amp;rC=111&amp;rZ=fff\",\"contentUrl\":\"http:\\\/\\\/www.mgm.gov.tr\\\/sunum\\\/tahmin-show-2.aspx?m=BARTIN&amp;basla=1&amp;bitir=5&amp;rC=111&amp;rZ=fff\"},{\"@type\":\"BreadcrumbList\",\"@id\":\"https:\\\/\\\/inkumu.com\\\/inkumu-hava-durumu-raporu-bartin\\\/#breadcrumb\",\"itemListElement\":[{\"@type\":\"ListItem\",\"position\":1,\"name\":\"Home\",\"item\":\"https:\\\/\\\/inkumu.com\\\/\"},{\"@type\":\"ListItem\",\"position\":2,\"name\":\"\u0130nkumu Hava Durumu Raporu (Bart\u0131n)\"}]},{\"@type\":\"WebSite\",\"@id\":\"https:\\\/\\\/inkumu.com\\\/#website\",\"url\":\"https:\\\/\\\/inkumu.com\\\/\",\"name\":\"\u0130nkumu.com\",\"description\":\"\",\"potentialAction\":[{\"@type\":\"SearchAction\",\"target\":{\"@type\":\"EntryPoint\",\"urlTemplate\":\"https:\\\/\\\/inkumu.com\\\/?s={search_term_string}\"},\"query-input\":{\"@type\":\"PropertyValueSpecification\",\"valueRequired\":true,\"valueName\":\"search_term_string\"}}],\"inLanguage\":\"de\"}]}<\/script>\n<!-- \/ Yoast SEO plugin. -->","yoast_head_json":{"title":"\u0130nkumu Hava Durumu Raporu (Bart\u0131n) - \u0130nkumu.com","robots":{"index":"index","follow":"follow","max-snippet":"max-snippet:-1","max-image-preview":"max-image-preview:large","max-video-preview":"max-video-preview:-1"},"canonical":"https:\/\/inkumu.com\/de\/inkumu-hava-durumu-raporu-bartin\/","og_locale":"de_DE","og_type":"article","og_title":"\u0130nkumu Hava Durumu Raporu (Bart\u0131n) - \u0130nkumu.com","og_description":"Bart\u0131n \u0130nkumu Tatil Beldesi 10 g\u00fcnl\u00fck hava durumu raporu, g\u00fcnl\u00fck ortalama s\u0131cakl\u0131k, ya\u011f\u0131\u015f durumu, b\u00f6lgedeki r\u00fczgar durumu ve ula\u015f\u0131m ko\u015fullar\u0131 yer almaktad\u0131r. \u0130nkumu 1-5 G\u00fcnl\u00fck Hava Durumu Raporu Anl\u0131k \u0130nkumu Hava Durumu Raporu","og_url":"https:\/\/inkumu.com\/de\/inkumu-hava-durumu-raporu-bartin\/","og_site_name":"\u0130nkumu.com","article_modified_time":"2018-09-28T19:38:36+00:00","og_image":[{"url":"http:\/\/www.mgm.gov.tr\/sunum\/tahmin-show-2.aspx?m=BARTIN&amp;basla=1&amp;bitir=5&amp;rC=111&amp;rZ=fff","type":"","width":"","height":""}],"schema":{"@context":"https:\/\/schema.org","@graph":[{"@type":"WebPage","@id":"https:\/\/inkumu.com\/inkumu-hava-durumu-raporu-bartin\/","url":"https:\/\/inkumu.com\/inkumu-hava-durumu-raporu-bartin\/","name":"\u0130nkumu Hava Durumu Raporu (Bart\u0131n) - \u0130nkumu.com","isPartOf":{"@id":"https:\/\/inkumu.com\/#website"},"primaryImageOfPage":{"@id":"https:\/\/inkumu.com\/inkumu-hava-durumu-raporu-bartin\/#primaryimage"},"image":{"@id":"https:\/\/inkumu.com\/inkumu-hava-durumu-raporu-bartin\/#primaryimage"},"thumbnailUrl":"http:\/\/www.mgm.gov.tr\/sunum\/tahmin-show-2.aspx?m=BARTIN&amp;basla=1&amp;bitir=5&amp;rC=111&amp;rZ=fff","datePublished":"2015-01-10T17:41:10+00:00","dateModified":"2018-09-28T19:38:36+00:00","breadcrumb":{"@id":"https:\/\/inkumu.com\/inkumu-hava-durumu-raporu-bartin\/#breadcrumb"},"inLanguage":"de","potentialAction":[{"@type":"ReadAction","target":["https:\/\/inkumu.com\/inkumu-hava-durumu-raporu-bartin\/"]}]},{"@type":"ImageObject","inLanguage":"de","@id":"https:\/\/inkumu.com\/inkumu-hava-durumu-raporu-bartin\/#primaryimage","url":"http:\/\/www.mgm.gov.tr\/sunum\/tahmin-show-2.aspx?m=BARTIN&amp;basla=1&amp;bitir=5&amp;rC=111&amp;rZ=fff","contentUrl":"http:\/\/www.mgm.gov.tr\/sunum\/tahmin-show-2.aspx?m=BARTIN&amp;basla=1&amp;bitir=5&amp;rC=111&amp;rZ=fff"},{"@type":"BreadcrumbList","@id":"https:\/\/inkumu.com\/inkumu-hava-durumu-raporu-bartin\/#breadcrumb","itemListElement":[{"@type":"ListItem","position":1,"name":"Home","item":"https:\/\/inkumu.com\/"},{"@type":"ListItem","position":2,"name":"\u0130nkumu Hava Durumu Raporu (Bart\u0131n)"}]},{"@type":"WebSite","@id":"https:\/\/inkumu.com\/#website","url":"https:\/\/inkumu.com\/","name":"\u0130nkumu.com","description":"","potentialAction":[{"@type":"SearchAction","target":{"@type":"EntryPoint","urlTemplate":"https:\/\/inkumu.com\/?s={search_term_string}"},"query-input":{"@type":"PropertyValueSpecification","valueRequired":true,"valueName":"search_term_string"}}],"inLanguage":"de"}]}},"_links":{"self":[{"href":"https:\/\/inkumu.com\/de\/wp-json\/wp\/v2\/pages\/708","targetHints":{"allow":["GET"]}}],"collection":[{"href":"https:\/\/inkumu.com\/de\/wp-json\/wp\/v2\/pages"}],"about":[{"href":"https:\/\/inkumu.com\/de\/wp-json\/wp\/v2\/types\/page"}],"author":[{"embeddable":true,"href":"https:\/\/inkumu.com\/de\/wp-json\/wp\/v2\/users\/1"}],"replies":[{"embeddable":true,"href":"https:\/\/inkumu.com\/de\/wp-json\/wp\/v2\/comments?post=708"}],"version-history":[{"count":10,"href":"https:\/\/inkumu.com\/de\/wp-json\/wp\/v2\/pages\/708\/revisions"}],"predecessor-version":[{"id":1206,"href":"https:\/\/inkumu.com\/de\/wp-json\/wp\/v2\/pages\/708\/revisions\/1206"}],"wp:attachment":[{"href":"https:\/\/inkumu.com\/de\/wp-json\/wp\/v2\/media?parent=708"}],"curies":[{"name":"wp","href":"https:\/\/api.w.org\/{rel}","templated":true}]}}